{"id":1151,"date":"2017-05-23T10:34:42","date_gmt":"2017-05-23T10:34:42","guid":{"rendered":"http:\/\/www.alagardaasesores.com\/?page_id=1151"},"modified":"2025-03-13T11:27:28","modified_gmt":"2025-03-13T11:27:28","slug":"enlaces-de-interes","status":"publish","type":"page","link":"https:\/\/www.alagardaasesores.com\/es\/enlaces-de-interes\/","title":{"rendered":"Enlaces de inter\u00e9s"},"content":{"rendered":"<div class=\"fusion-fullwidth fullwidth-box fusion-builder-row-1 nonhundred-percent-fullwidth non-hundred-percent-height-scrolling\" style=\"background-color: rgba(255,255,255,0);background-position: left top;background-repeat: no-repeat;padding-top:40px;padding-right:0px;padding-bottom:40px;padding-left:0px;margin-bottom: 0px;margin-top: 0px;border-width: 0px 0px 0px 0px;border-color:#eae9e9;border-style:solid;\" ><div class=\"fusion-builder-row fusion-row\"><div class=\"fusion-layout-column fusion_builder_column fusion-builder-column-0 fusion_builder_column_1_2 1_2 fusion-one-half fusion-column-first rounded-border\" style=\"width:48%; margin-right: 4%;margin-top:0px;margin-bottom:10px;\"><div class=\"fusion-column-wrapper fusion-flex-column-wrapper-legacy\" style=\"background-position:left top;background-repeat:no-repeat;-webkit-background-size:cover;-moz-background-size:cover;-o-background-size:cover;background-size:cover;background-color:#ffffff;border-width: 1px 1px 1px 1px;border-color:#e2e2e2;border-style:solid;padding: 10px 15px 10px 15px;\"><div class=\"fusion-text fusion-text-1\" style=\"transform:translate3d(0,0,0);\"><h4 style=\"text-align: left;\">Calendario del Contribuyente <a href=\"https:\/\/sede.agenciatributaria.gob.es\/Sede\/ayuda\/calendario-contribuyente\/calendario-contribuyente-2025.html\" target=\"_blank\" rel=\"noopener noreferrer\">Ir <i class=\"fa fa-caret-right\"><\/i><\/a><\/h4>\n<\/div><div class=\"fusion-aligncenter\"><style type=\"text\/css\">.fusion-button.button-1 {border-radius:2px;}<\/style><a class=\"fusion-button button-flat button-medium button-default button-1 fusion-button-default-span fusion-button-default-type\" target=\"_blank\" rel=\"noopener noreferrer\" href=\"https:\/\/sede.agenciatributaria.gob.es\/Sede\/ayuda\/calendario-contribuyente\/calendario-contribuyente-2025.html\"><i class=\"fa-share-square far button-icon-left\" aria-hidden=\"true\"><\/i><span class=\"fusion-button-text\">Enlace a Calendario del Contribuyente 2025<\/span><\/a><\/div><div class=\"fusion-clearfix\"><\/div><\/div><\/div><div class=\"fusion-layout-column fusion_builder_column fusion-builder-column-1 fusion_builder_column_1_2 1_2 fusion-one-half fusion-column-last rounded-border\" style=\"width:48%;margin-top:0px;margin-bottom:10px;\"><div class=\"fusion-column-wrapper fusion-flex-column-wrapper-legacy\" style=\"background-position:left top;background-repeat:no-repeat;-webkit-background-size:cover;-moz-background-size:cover;-o-background-size:cover;background-size:cover;background-color:#ffffff;border-width: 1px 1px 1px 1px;border-color:#e2e2e2;border-style:solid;padding: 10px 15px 10px 15px;\"><div class=\"fusion-text fusion-text-2\" style=\"transform:translate3d(0,0,0);\"><h4 style=\"text-align: left;\">Registradores ORG <a href=\"https:\/\/www.registradores.org\/registroonline\/home.seam\" target=\"_blank\" rel=\"noopener noreferrer\">Ir <i class=\"fa fa-caret-right\"><\/i><\/a><\/h4>\n<h5 style=\"text-align: left;\">Nota simple | Ctas anuales | Certf.Mercantil<\/h5>\n<\/div><div class=\"fusion-clearfix\"><\/div><\/div><\/div><div class=\"fusion-layout-column fusion_builder_column fusion-builder-column-2 fusion_builder_column_1_2 1_2 fusion-one-half fusion-column-first rounded-border\" style=\"width:48%; margin-right: 4%;margin-top:0px;margin-bottom:10px;\"><div class=\"fusion-column-wrapper fusion-flex-column-wrapper-legacy\" style=\"background-position:left top;background-repeat:no-repeat;-webkit-background-size:cover;-moz-background-size:cover;-o-background-size:cover;background-size:cover;background-color:#ffffff;border-width: 1px 1px 1px 1px;border-color:#e2e2e2;border-style:solid;padding: 10px 15px 10px 15px;\"><div class=\"fusion-text fusion-text-3\" style=\"transform:translate3d(0,0,0);\"><h4 style=\"text-align: left;\">Consultas Tributarias Direcci\u00f3n General de Tributos <a href=\"https:\/\/petete.tributos.hacienda.gob.es\/consultas\" target=\"_blank\" rel=\"noopener noreferrer\">Ir <i class=\"fa fa-caret-right\"><\/i><\/a><\/h4>\n<\/div><div class=\"fusion-clearfix\"><\/div><\/div><\/div><div class=\"fusion-layout-column fusion_builder_column fusion-builder-column-3 fusion_builder_column_1_2 1_2 fusion-one-half fusion-column-last rounded-border\" style=\"width:48%;margin-top:0px;margin-bottom:10px;\"><div class=\"fusion-column-wrapper fusion-flex-column-wrapper-legacy\" style=\"background-position:left top;background-repeat:no-repeat;-webkit-background-size:cover;-moz-background-size:cover;-o-background-size:cover;background-size:cover;background-color:#ffffff;border-width: 1px 1px 1px 1px;border-color:#e2e2e2;border-style:solid;padding: 10px 15px 10px 15px;\"><div class=\"fusion-text fusion-text-4\" style=\"transform:translate3d(0,0,0);\"><h4 style=\"text-align: left;\">CERES (obtenci\u00f3n certificado digital) <a href=\"https:\/\/www.fnmt.es\/ceres\" target=\"_blank\" rel=\"noopener noreferrer\">Ir <i class=\"fa fa-caret-right\"><\/i><\/a><\/h4>\n<\/div><div class=\"fusion-clearfix\"><\/div><\/div><\/div><div class=\"fusion-layout-column fusion_builder_column fusion-builder-column-4 fusion_builder_column_1_2 1_2 fusion-one-half fusion-column-first rounded-border\" style=\"width:48%; margin-right: 4%;margin-top:0px;margin-bottom:10px;\"><div class=\"fusion-column-wrapper fusion-flex-column-wrapper-legacy\" style=\"background-position:left top;background-repeat:no-repeat;-webkit-background-size:cover;-moz-background-size:cover;-o-background-size:cover;background-size:cover;background-color:#ffffff;border-width: 1px 1px 1px 1px;border-color:#e2e2e2;border-style:solid;padding: 10px 15px 10px 15px;\"><div class=\"fusion-text fusion-text-5\" style=\"transform:translate3d(0,0,0);\"><h4 style=\"text-align: left;\">IRPF (consulta estado devoluci\u00f3n) <a href=\"https:\/\/sede.agenciatributaria.gob.es\/Sede\/irpf\/declaraciones-presentadas\/consultar-devolucion.html\" target=\"_blank\" rel=\"noopener noreferrer\">Ir <i class=\"fa fa-caret-right\"><\/i><\/a><\/h4>\n<\/div><div class=\"fusion-clearfix\"><\/div><\/div><\/div><div class=\"fusion-layout-column fusion_builder_column fusion-builder-column-5 fusion_builder_column_1_2 1_2 fusion-one-half fusion-column-last rounded-border\" style=\"width:48%;margin-top:0px;margin-bottom:10px;\"><div class=\"fusion-column-wrapper fusion-flex-column-wrapper-legacy\" style=\"background-position:left top;background-repeat:no-repeat;-webkit-background-size:cover;-moz-background-size:cover;-o-background-size:cover;background-size:cover;background-color:#ffffff;border-width: 1px 1px 1px 1px;border-color:#e2e2e2;border-style:solid;padding: 10px 15px 10px 15px;\"><div class=\"fusion-text fusion-text-6\" style=\"transform:translate3d(0,0,0);\"><h4 style=\"text-align: left;\">Portal 060 (Direcci\u00f3n Electr\u00f3nica Habilitada) <a href=\"https:\/\/dehu.redsara.es\/\" target=\"_blank\" rel=\"noopener noreferrer\">Ir <i class=\"fa fa-caret-right\"><\/i><\/a><\/h4>\n<\/div><div class=\"fusion-clearfix\"><\/div><\/div><\/div><div class=\"fusion-layout-column fusion_builder_column fusion-builder-column-6 fusion_builder_column_1_2 1_2 fusion-one-half fusion-column-first rounded-border\" style=\"width:48%; margin-right: 4%;margin-top:0px;margin-bottom:10px;\"><div class=\"fusion-column-wrapper fusion-flex-column-wrapper-legacy\" style=\"background-position:left top;background-repeat:no-repeat;-webkit-background-size:cover;-moz-background-size:cover;-o-background-size:cover;background-size:cover;background-color:#ffffff;border-width: 1px 1px 1px 1px;border-color:#e2e2e2;border-style:solid;padding: 10px 15px 10px 15px;\"><div class=\"fusion-text fusion-text-7\" style=\"transform:translate3d(0,0,0);\"><h4 style=\"text-align: left;\">Direcci\u00f3n General de Tr\u00e1fico consulta notificaciones electr\u00f3nicas <a href=\"https:\/\/sede.dgt.gob.es\/es\/multas\/direccion-electronica-vial\/\" target=\"_blank\" rel=\"noopener noreferrer\">Ir <i class=\"fa fa-caret-right\"><\/i><\/a><\/h4>\n<\/div><div class=\"fusion-clearfix\"><\/div><\/div><\/div><div class=\"fusion-layout-column fusion_builder_column fusion-builder-column-7 fusion_builder_column_1_2 1_2 fusion-one-half fusion-column-last rounded-border\" style=\"width:48%;margin-top:0px;margin-bottom:10px;\"><div class=\"fusion-column-wrapper fusion-flex-column-wrapper-legacy\" style=\"background-position:left top;background-repeat:no-repeat;-webkit-background-size:cover;-moz-background-size:cover;-o-background-size:cover;background-size:cover;background-color:#ffffff;border-width: 1px 1px 1px 1px;border-color:#e2e2e2;border-style:solid;padding: 10px 15px 10px 15px;\"><div class=\"fusion-text fusion-text-8\" style=\"transform:translate3d(0,0,0);\"><h4 style=\"text-align: left;\">Patronato Recaudaci\u00f3n Provincial (c\u00e1lculo plusval\u00eda) <a href=\"https:\/\/portal.prpmalaga.es\/8169\/utilidades-simulador-calculo-de-iivtnu-plusvalia\" target=\"_blank\" rel=\"noopener noreferrer\">Ir <i class=\"fa fa-caret-right\"><\/i><\/a><\/h4>\n<\/div><div class=\"fusion-clearfix\"><\/div><\/div><\/div><div class=\"fusion-layout-column fusion_builder_column fusion-builder-column-8 fusion_builder_column_1_2 1_2 fusion-one-half fusion-column-first rounded-border\" style=\"width:48%; margin-right: 4%;margin-top:0px;margin-bottom:10px;\"><div class=\"fusion-column-wrapper fusion-flex-column-wrapper-legacy\" style=\"background-position:left top;background-repeat:no-repeat;-webkit-background-size:cover;-moz-background-size:cover;-o-background-size:cover;background-size:cover;background-color:#ffffff;border-width: 1px 1px 1px 1px;border-color:#e2e2e2;border-style:solid;padding: 10px 15px 10px 15px;\"><div class=\"fusion-text fusion-text-9\" style=\"transform:translate3d(0,0,0);\"><h4 style=\"text-align: left;\">Patronato Recaudaci\u00f3n Provincial (obtenci\u00f3n carta de pago) <a href=\"https:\/\/portal.prpmalaga.es\/8164\/obtener-documento-justificante-de-pago\" target=\"_blank\" rel=\"noopener noreferrer\">Ir <i class=\"fa fa-caret-right\"><\/i><\/a><\/h4>\n<\/div><div class=\"fusion-clearfix\"><\/div><\/div><\/div><div class=\"fusion-layout-column fusion_builder_column fusion-builder-column-9 fusion_builder_column_1_2 1_2 fusion-one-half fusion-column-last rounded-border\" style=\"width:48%;margin-top:0px;margin-bottom:10px;\"><div class=\"fusion-column-wrapper fusion-flex-column-wrapper-legacy\" style=\"background-position:left top;background-repeat:no-repeat;-webkit-background-size:cover;-moz-background-size:cover;-o-background-size:cover;background-size:cover;background-color:#ffffff;border-width: 1px 1px 1px 1px;border-color:#e2e2e2;border-style:solid;padding: 10px 15px 10px 15px;\"><div class=\"fusion-text fusion-text-10\" style=\"transform:translate3d(0,0,0);\"><h4 style=\"text-align: left;\">Axesor ( informes mercantiles) <a href=\"https:\/\/www.axesor.es\/informacion-empresas\/mercantil.aspx\" target=\"_blank\" rel=\"noopener noreferrer\">Ir <i class=\"fa fa-caret-right\"><\/i><\/a><\/h4>\n<\/div><div class=\"fusion-clearfix\"><\/div><\/div><\/div><div class=\"fusion-layout-column fusion_builder_column fusion-builder-column-10 fusion_builder_column_1_2 1_2 fusion-one-half fusion-column-first rounded-border\" style=\"width:48%; margin-right: 4%;margin-top:0px;margin-bottom:10px;\"><div class=\"fusion-column-wrapper fusion-flex-column-wrapper-legacy\" style=\"background-position:left top;background-repeat:no-repeat;-webkit-background-size:cover;-moz-background-size:cover;-o-background-size:cover;background-size:cover;background-color:#ffffff;border-width: 1px 1px 1px 1px;border-color:#e2e2e2;border-style:solid;padding: 10px 15px 10px 15px;\"><div class=\"fusion-text fusion-text-11\" style=\"transform:translate3d(0,0,0);\"><h4 style=\"text-align: left;\">VIES (consulta ROI nacionales y comunitarios) <a href=\"https:\/\/sede.agenciatributaria.gob.es\/Sede\/procedimientoini\/ZZ09.shtml\" target=\"_blank\" rel=\"noopener noreferrer\">Ir <i class=\"fa fa-caret-right\"><\/i><\/a><\/h4>\n<\/div><div class=\"fusion-clearfix\"><\/div><\/div><\/div><div class=\"fusion-layout-column fusion_builder_column fusion-builder-column-11 fusion_builder_column_1_2 1_2 fusion-one-half fusion-column-last rounded-border\" style=\"width:48%;margin-top:0px;margin-bottom:10px;\"><div class=\"fusion-column-wrapper fusion-flex-column-wrapper-legacy\" style=\"background-position:left top;background-repeat:no-repeat;-webkit-background-size:cover;-moz-background-size:cover;-o-background-size:cover;background-size:cover;background-color:#ffffff;border-width: 1px 1px 1px 1px;border-color:#e2e2e2;border-style:solid;padding: 10px 15px 10px 15px;\"><div class=\"fusion-text fusion-text-12\" style=\"transform:translate3d(0,0,0);\"><h4 style=\"text-align: left;\">Informa preguntas frecuentes FAQ <a href=\"#\" target=\"_blank\" rel=\"noopener noreferrer\">Ir <i class=\"fa fa-caret-right\"><\/i><\/a><\/h4>\n<\/div><div class=\"fusion-clearfix\"><\/div><\/div><\/div><\/div><\/div>\n","protected":false},"excerpt":{"rendered":"","protected":false},"author":1,"featured_media":0,"parent":0,"menu_order":0,"comment_status":"closed","ping_status":"closed","template":"100-width.php","meta":{"footnotes":""},"class_list":["post-1151","page","type-page","status-publish","hentry"],"yoast_head":"<!-- This site is optimized with the Yoast SEO plugin v26.8 - https:\/\/yoast.com\/product\/yoast-seo-wordpress\/ -->\n<title>Enlaces de inter\u00e9s | Alagarda Asesores<\/title>\n<meta name=\"robots\" content=\"index, follow, max-snippet:-1, max-image-preview:large, max-video-preview:-1\" \/>\n<link rel=\"canonical\" href=\"https:\/\/www.alagardaasesores.com\/es\/enlaces-de-interes\/\" \/>\n<meta property=\"og:locale\" content=\"es_ES\" \/>\n<meta property=\"og:type\" content=\"article\" \/>\n<meta property=\"og:title\" content=\"Enlaces de inter\u00e9s | Alagarda Asesores\" \/>\n<meta property=\"og:url\" content=\"https:\/\/www.alagardaasesores.com\/es\/enlaces-de-interes\/\" \/>\n<meta property=\"og:site_name\" content=\"Alagarda Asesores\" \/>\n<meta property=\"article:publisher\" content=\"https:\/\/www.facebook.com\/AlagardaAsesores-2084442604918730\/\" \/>\n<meta property=\"article:modified_time\" content=\"2025-03-13T11:27:28+00:00\" \/>\n<meta name=\"twitter:card\" content=\"summary_large_image\" \/>\n<meta name=\"twitter:label1\" content=\"Tiempo de lectura\" \/>\n\t<meta name=\"twitter:data1\" content=\"4 minutos\" \/>\n<script type=\"application\/ld+json\" class=\"yoast-schema-graph\">{\"@context\":\"https:\/\/schema.org\",\"@graph\":[{\"@type\":\"WebPage\",\"@id\":\"https:\/\/www.alagardaasesores.com\/es\/enlaces-de-interes\/\",\"url\":\"https:\/\/www.alagardaasesores.com\/es\/enlaces-de-interes\/\",\"name\":\"Enlaces de inter\u00e9s | Alagarda Asesores\",\"isPartOf\":{\"@id\":\"https:\/\/www.alagardaasesores.com\/es\/#website\"},\"datePublished\":\"2017-05-23T10:34:42+00:00\",\"dateModified\":\"2025-03-13T11:27:28+00:00\",\"breadcrumb\":{\"@id\":\"https:\/\/www.alagardaasesores.com\/es\/enlaces-de-interes\/#breadcrumb\"},\"inLanguage\":\"es\",\"potentialAction\":[{\"@type\":\"ReadAction\",\"target\":[\"https:\/\/www.alagardaasesores.com\/es\/enlaces-de-interes\/\"]}]},{\"@type\":\"BreadcrumbList\",\"@id\":\"https:\/\/www.alagardaasesores.com\/es\/enlaces-de-interes\/#breadcrumb\",\"itemListElement\":[{\"@type\":\"ListItem\",\"position\":1,\"name\":\"Portada\",\"item\":\"https:\/\/www.alagardaasesores.com\/es\/inicio\/\"},{\"@type\":\"ListItem\",\"position\":2,\"name\":\"Enlaces de inter\u00e9s\"}]},{\"@type\":\"WebSite\",\"@id\":\"https:\/\/www.alagardaasesores.com\/es\/#website\",\"url\":\"https:\/\/www.alagardaasesores.com\/es\/\",\"name\":\"Alagarda Asesores\",\"description\":\"Asesor\u00eda Fiscal, laboral en Marbella\",\"potentialAction\":[{\"@type\":\"SearchAction\",\"target\":{\"@type\":\"EntryPoint\",\"urlTemplate\":\"https:\/\/www.alagardaasesores.com\/es\/?s={search_term_string}\"},\"query-input\":{\"@type\":\"PropertyValueSpecification\",\"valueRequired\":true,\"valueName\":\"search_term_string\"}}],\"inLanguage\":\"es\"}]}<\/script>\n<!-- \/ Yoast SEO plugin. -->","yoast_head_json":{"title":"Enlaces de inter\u00e9s | Alagarda Asesores","robots":{"index":"index","follow":"follow","max-snippet":"max-snippet:-1","max-image-preview":"max-image-preview:large","max-video-preview":"max-video-preview:-1"},"canonical":"https:\/\/www.alagardaasesores.com\/es\/enlaces-de-interes\/","og_locale":"es_ES","og_type":"article","og_title":"Enlaces de inter\u00e9s | Alagarda Asesores","og_url":"https:\/\/www.alagardaasesores.com\/es\/enlaces-de-interes\/","og_site_name":"Alagarda Asesores","article_publisher":"https:\/\/www.facebook.com\/AlagardaAsesores-2084442604918730\/","article_modified_time":"2025-03-13T11:27:28+00:00","twitter_card":"summary_large_image","twitter_misc":{"Tiempo de lectura":"4 minutos"},"schema":{"@context":"https:\/\/schema.org","@graph":[{"@type":"WebPage","@id":"https:\/\/www.alagardaasesores.com\/es\/enlaces-de-interes\/","url":"https:\/\/www.alagardaasesores.com\/es\/enlaces-de-interes\/","name":"Enlaces de inter\u00e9s | Alagarda Asesores","isPartOf":{"@id":"https:\/\/www.alagardaasesores.com\/es\/#website"},"datePublished":"2017-05-23T10:34:42+00:00","dateModified":"2025-03-13T11:27:28+00:00","breadcrumb":{"@id":"https:\/\/www.alagardaasesores.com\/es\/enlaces-de-interes\/#breadcrumb"},"inLanguage":"es","potentialAction":[{"@type":"ReadAction","target":["https:\/\/www.alagardaasesores.com\/es\/enlaces-de-interes\/"]}]},{"@type":"BreadcrumbList","@id":"https:\/\/www.alagardaasesores.com\/es\/enlaces-de-interes\/#breadcrumb","itemListElement":[{"@type":"ListItem","position":1,"name":"Portada","item":"https:\/\/www.alagardaasesores.com\/es\/inicio\/"},{"@type":"ListItem","position":2,"name":"Enlaces de inter\u00e9s"}]},{"@type":"WebSite","@id":"https:\/\/www.alagardaasesores.com\/es\/#website","url":"https:\/\/www.alagardaasesores.com\/es\/","name":"Alagarda Asesores","description":"Asesor\u00eda Fiscal, laboral en Marbella","potentialAction":[{"@type":"SearchAction","target":{"@type":"EntryPoint","urlTemplate":"https:\/\/www.alagardaasesores.com\/es\/?s={search_term_string}"},"query-input":{"@type":"PropertyValueSpecification","valueRequired":true,"valueName":"search_term_string"}}],"inLanguage":"es"}]}},"_links":{"self":[{"href":"https:\/\/www.alagardaasesores.com\/es\/wp-json\/wp\/v2\/pages\/1151","targetHints":{"allow":["GET"]}}],"collection":[{"href":"https:\/\/www.alagardaasesores.com\/es\/wp-json\/wp\/v2\/pages"}],"about":[{"href":"https:\/\/www.alagardaasesores.com\/es\/wp-json\/wp\/v2\/types\/page"}],"author":[{"embeddable":true,"href":"https:\/\/www.alagardaasesores.com\/es\/wp-json\/wp\/v2\/users\/1"}],"replies":[{"embeddable":true,"href":"https:\/\/www.alagardaasesores.com\/es\/wp-json\/wp\/v2\/comments?post=1151"}],"version-history":[{"count":44,"href":"https:\/\/www.alagardaasesores.com\/es\/wp-json\/wp\/v2\/pages\/1151\/revisions"}],"predecessor-version":[{"id":1831,"href":"https:\/\/www.alagardaasesores.com\/es\/wp-json\/wp\/v2\/pages\/1151\/revisions\/1831"}],"wp:attachment":[{"href":"https:\/\/www.alagardaasesores.com\/es\/wp-json\/wp\/v2\/media?parent=1151"}],"curies":[{"name":"wp","href":"https:\/\/api.w.org\/{rel}","templated":true}]}}