{"id":1517,"date":"2018-04-07T01:19:07","date_gmt":"2018-04-07T01:19:07","guid":{"rendered":"http:\/\/www.alagardaasesores.com\/?page_id=1517"},"modified":"2018-04-10T17:33:18","modified_gmt":"2018-04-10T17:33:18","slug":"fiscalite","status":"publish","type":"page","link":"https:\/\/www.alagardaasesores.com\/fr\/fiscalite\/","title":{"rendered":"Fiscalit\u00e9"},"content":{"rendered":"<div class=\"fusion-fullwidth fullwidth-box fusion-builder-row-1 nonhundred-percent-fullwidth non-hundred-percent-height-scrolling\" style=\"background-color: rgba(255,255,255,0);background-position: center center;background-repeat: no-repeat;padding-top:0px;padding-right:0px;padding-bottom:0px;padding-left:0px;margin-bottom: 0px;margin-top: 0px;border-width: 0px 0px 0px 0px;border-color:#eae9e9;border-style:solid;\" ><div class=\"fusion-builder-row fusion-row\"><div class=\"fusion-layout-column fusion_builder_column fusion-builder-column-0 fusion_builder_column_1_1 1_1 fusion-one-full fusion-column-first fusion-column-last\" style=\"margin-top:0px;margin-bottom:20px;\"><div class=\"fusion-column-wrapper fusion-flex-column-wrapper-legacy\" style=\"background-position:left top;background-repeat:no-repeat;-webkit-background-size:cover;-moz-background-size:cover;-o-background-size:cover;background-size:cover;padding: 0px 0px 0px 0px;\"><style type=\"text\/css\"><\/style><div class=\"fusion-title title fusion-title-1 sep-underline sep-solid fusion-title-text fusion-title-size-one\" style=\"border-bottom-color:#e10707;margin-top:0px;margin-bottom:20px;\"><h1 class=\"title-heading-left\" style=\"margin:0;\">Fiscalit\u00e9<\/h1><\/div><div class=\"fusion-text fusion-text-1\" style=\"transform:translate3d(0,0,0);\"><h3>Voici quelques-uns des services que nous offrons, entre autres:<\/h3>\n<\/div><div class=\"fusion-clearfix\"><\/div><\/div><\/div><div class=\"fusion-layout-column fusion_builder_column fusion-builder-column-1 fusion_builder_column_1_2 1_2 fusion-one-half fusion-column-first\" style=\"width:50%;width:calc(50% - ( ( 4% ) * 0.5 ) );margin-right: 4%;margin-top:0px;margin-bottom:20px;\"><div class=\"fusion-column-wrapper fusion-flex-column-wrapper-legacy\" style=\"background-position:left top;background-repeat:no-repeat;-webkit-background-size:cover;-moz-background-size:cover;-o-background-size:cover;background-size:cover;padding: 0px 0px 0px 0px;\"><ul class=\"fusion-checklist fusion-checklist-1\" style=\"font-size:13px;line-height:22.1px;\"><li class=\"fusion-li-item\"><span style=\"height:22.1px;width:22.1px;margin-right:9.1px;\" class=\"icon-wrapper circle-no\"><i class=\"fusion-li-icon fa fa-check\" style=\"color:#e10707;\" aria-hidden=\"true\"><\/i><\/span><div class=\"fusion-li-item-content\" style=\"margin-left:31.2px;\">Pr\u00e9paration et pr\u00e9sentation de toutes sortes  de d\u00e9clarations tributaires. <\/div><\/li><li class=\"fusion-li-item\"><span style=\"height:22.1px;width:22.1px;margin-right:9.1px;\" class=\"icon-wrapper circle-no\"><i class=\"fusion-li-icon fa fa-check\" style=\"color:#e10707;\" aria-hidden=\"true\"><\/i><\/span><div class=\"fusion-li-item-content\" style=\"margin-left:31.2px;\">\n<p>Inspections et v\u00e9rifications du fisc.<\/p>\n<\/div><\/li><\/ul><div class=\"fusion-clearfix\"><\/div><\/div><\/div><div class=\"fusion-layout-column fusion_builder_column fusion-builder-column-2 fusion_builder_column_1_2 1_2 fusion-one-half fusion-column-last\" style=\"width:50%;width:calc(50% - ( ( 4% ) * 0.5 ) );margin-top:0px;margin-bottom:20px;\"><div class=\"fusion-column-wrapper fusion-flex-column-wrapper-legacy\" style=\"background-position:left top;background-repeat:no-repeat;-webkit-background-size:cover;-moz-background-size:cover;-o-background-size:cover;background-size:cover;padding: 0px 0px 0px 0px;\"><ul class=\"fusion-checklist fusion-checklist-2\" style=\"font-size:13px;line-height:22.1px;\"><li class=\"fusion-li-item\"><span style=\"height:22.1px;width:22.1px;margin-right:9.1px;\" class=\"icon-wrapper circle-no\"><i class=\"fusion-li-icon fa fa-check\" style=\"color:#e10707;\" aria-hidden=\"true\"><\/i><\/span><div class=\"fusion-li-item-content\" style=\"margin-left:31.2px;\">\n<p>Ressources. (Pr\u00e9paration et pr\u00e9sentation) <\/p>\n<\/div><\/li><li class=\"fusion-li-item\"><span style=\"height:22.1px;width:22.1px;margin-right:9.1px;\" class=\"icon-wrapper circle-no\"><i class=\"fusion-li-icon fa fa-check\" style=\"color:#e10707;\" aria-hidden=\"true\"><\/i><\/span><div class=\"fusion-li-item-content\" style=\"margin-left:31.2px;\">\n<p>Conseil fiscal pour l&rsquo;ensemble du syst\u00e8me tributaire national ou international.<\/p>\n<ul>\n<li>Soci\u00e9t\u00e9 holding<\/li>\n<li>Imp\u00f4ts sur les soci\u00e9t\u00e9s<\/li>\n<li>D\u00e9claration  de TVA<\/li>\n<li>Autres<\/li>\n<\/ul>\n<\/div><\/li><\/ul><div class=\"fusion-clearfix\"><\/div><\/div><\/div><\/div><\/div>\n","protected":false},"excerpt":{"rendered":"","protected":false},"author":1,"featured_media":0,"parent":0,"menu_order":0,"comment_status":"closed","ping_status":"closed","template":"100-width.php","meta":{"footnotes":""},"class_list":["post-1517","page","type-page","status-publish","hentry"],"yoast_head":"<!-- This site is optimized with the Yoast SEO plugin v26.8 - https:\/\/yoast.com\/product\/yoast-seo-wordpress\/ -->\n<title>Fiscalit\u00e9 | Alagarda Asesores<\/title>\n<meta name=\"robots\" content=\"index, follow, max-snippet:-1, max-image-preview:large, max-video-preview:-1\" \/>\n<link rel=\"canonical\" href=\"https:\/\/www.alagardaasesores.com\/fr\/fiscalite\/\" \/>\n<meta property=\"og:locale\" content=\"fr_FR\" \/>\n<meta property=\"og:type\" content=\"article\" \/>\n<meta property=\"og:title\" content=\"Fiscalit\u00e9 | Alagarda Asesores\" \/>\n<meta property=\"og:url\" content=\"https:\/\/www.alagardaasesores.com\/fr\/fiscalite\/\" \/>\n<meta property=\"og:site_name\" content=\"Alagarda Asesores\" \/>\n<meta property=\"article:publisher\" content=\"https:\/\/www.facebook.com\/AlagardaAsesores-2084442604918730\/\" \/>\n<meta property=\"article:modified_time\" content=\"2018-04-10T17:33:18+00:00\" \/>\n<meta name=\"twitter:card\" content=\"summary_large_image\" \/>\n<meta name=\"twitter:label1\" content=\"Dur\u00e9e de lecture estim\u00e9e\" \/>\n\t<meta name=\"twitter:data1\" content=\"2 minutes\" \/>\n<script type=\"application\/ld+json\" class=\"yoast-schema-graph\">{\"@context\":\"https:\/\/schema.org\",\"@graph\":[{\"@type\":\"WebPage\",\"@id\":\"https:\/\/www.alagardaasesores.com\/fr\/fiscalite\/\",\"url\":\"https:\/\/www.alagardaasesores.com\/fr\/fiscalite\/\",\"name\":\"Fiscalit\u00e9 | Alagarda Asesores\",\"isPartOf\":{\"@id\":\"https:\/\/www.alagardaasesores.com\/es\/#website\"},\"datePublished\":\"2018-04-07T01:19:07+00:00\",\"dateModified\":\"2018-04-10T17:33:18+00:00\",\"breadcrumb\":{\"@id\":\"https:\/\/www.alagardaasesores.com\/fr\/fiscalite\/#breadcrumb\"},\"inLanguage\":\"fr-FR\",\"potentialAction\":[{\"@type\":\"ReadAction\",\"target\":[\"https:\/\/www.alagardaasesores.com\/fr\/fiscalite\/\"]}]},{\"@type\":\"BreadcrumbList\",\"@id\":\"https:\/\/www.alagardaasesores.com\/fr\/fiscalite\/#breadcrumb\",\"itemListElement\":[{\"@type\":\"ListItem\",\"position\":1,\"name\":\"Portada\",\"item\":\"https:\/\/www.alagardaasesores.com\/fr\/\"},{\"@type\":\"ListItem\",\"position\":2,\"name\":\"Fiscalit\u00e9\"}]},{\"@type\":\"WebSite\",\"@id\":\"https:\/\/www.alagardaasesores.com\/es\/#website\",\"url\":\"https:\/\/www.alagardaasesores.com\/es\/\",\"name\":\"Alagarda Asesores\",\"description\":\"Asesor\u00eda Fiscal, laboral en Marbella\",\"potentialAction\":[{\"@type\":\"SearchAction\",\"target\":{\"@type\":\"EntryPoint\",\"urlTemplate\":\"https:\/\/www.alagardaasesores.com\/es\/?s={search_term_string}\"},\"query-input\":{\"@type\":\"PropertyValueSpecification\",\"valueRequired\":true,\"valueName\":\"search_term_string\"}}],\"inLanguage\":\"fr-FR\"}]}<\/script>\n<!-- \/ Yoast SEO plugin. -->","yoast_head_json":{"title":"Fiscalit\u00e9 | Alagarda Asesores","robots":{"index":"index","follow":"follow","max-snippet":"max-snippet:-1","max-image-preview":"max-image-preview:large","max-video-preview":"max-video-preview:-1"},"canonical":"https:\/\/www.alagardaasesores.com\/fr\/fiscalite\/","og_locale":"fr_FR","og_type":"article","og_title":"Fiscalit\u00e9 | Alagarda Asesores","og_url":"https:\/\/www.alagardaasesores.com\/fr\/fiscalite\/","og_site_name":"Alagarda Asesores","article_publisher":"https:\/\/www.facebook.com\/AlagardaAsesores-2084442604918730\/","article_modified_time":"2018-04-10T17:33:18+00:00","twitter_card":"summary_large_image","twitter_misc":{"Dur\u00e9e de lecture estim\u00e9e":"2 minutes"},"schema":{"@context":"https:\/\/schema.org","@graph":[{"@type":"WebPage","@id":"https:\/\/www.alagardaasesores.com\/fr\/fiscalite\/","url":"https:\/\/www.alagardaasesores.com\/fr\/fiscalite\/","name":"Fiscalit\u00e9 | Alagarda Asesores","isPartOf":{"@id":"https:\/\/www.alagardaasesores.com\/es\/#website"},"datePublished":"2018-04-07T01:19:07+00:00","dateModified":"2018-04-10T17:33:18+00:00","breadcrumb":{"@id":"https:\/\/www.alagardaasesores.com\/fr\/fiscalite\/#breadcrumb"},"inLanguage":"fr-FR","potentialAction":[{"@type":"ReadAction","target":["https:\/\/www.alagardaasesores.com\/fr\/fiscalite\/"]}]},{"@type":"BreadcrumbList","@id":"https:\/\/www.alagardaasesores.com\/fr\/fiscalite\/#breadcrumb","itemListElement":[{"@type":"ListItem","position":1,"name":"Portada","item":"https:\/\/www.alagardaasesores.com\/fr\/"},{"@type":"ListItem","position":2,"name":"Fiscalit\u00e9"}]},{"@type":"WebSite","@id":"https:\/\/www.alagardaasesores.com\/es\/#website","url":"https:\/\/www.alagardaasesores.com\/es\/","name":"Alagarda Asesores","description":"Asesor\u00eda Fiscal, laboral en Marbella","potentialAction":[{"@type":"SearchAction","target":{"@type":"EntryPoint","urlTemplate":"https:\/\/www.alagardaasesores.com\/es\/?s={search_term_string}"},"query-input":{"@type":"PropertyValueSpecification","valueRequired":true,"valueName":"search_term_string"}}],"inLanguage":"fr-FR"}]}},"_links":{"self":[{"href":"https:\/\/www.alagardaasesores.com\/fr\/wp-json\/wp\/v2\/pages\/1517","targetHints":{"allow":["GET"]}}],"collection":[{"href":"https:\/\/www.alagardaasesores.com\/fr\/wp-json\/wp\/v2\/pages"}],"about":[{"href":"https:\/\/www.alagardaasesores.com\/fr\/wp-json\/wp\/v2\/types\/page"}],"author":[{"embeddable":true,"href":"https:\/\/www.alagardaasesores.com\/fr\/wp-json\/wp\/v2\/users\/1"}],"replies":[{"embeddable":true,"href":"https:\/\/www.alagardaasesores.com\/fr\/wp-json\/wp\/v2\/comments?post=1517"}],"version-history":[{"count":3,"href":"https:\/\/www.alagardaasesores.com\/fr\/wp-json\/wp\/v2\/pages\/1517\/revisions"}],"predecessor-version":[{"id":1570,"href":"https:\/\/www.alagardaasesores.com\/fr\/wp-json\/wp\/v2\/pages\/1517\/revisions\/1570"}],"wp:attachment":[{"href":"https:\/\/www.alagardaasesores.com\/fr\/wp-json\/wp\/v2\/media?parent=1517"}],"curies":[{"name":"wp","href":"https:\/\/api.w.org\/{rel}","templated":true}]}}